{"id":28270,"date":"2023-07-19T08:56:38","date_gmt":"2023-07-19T06:56:38","guid":{"rendered":"https:\/\/hpd-imotski.hr\/naslovnica\/?page_id=28270"},"modified":"2025-03-29T15:18:55","modified_gmt":"2025-03-29T14:18:55","slug":"dokumenti-i-izvjesca","status":"publish","type":"page","link":"https:\/\/hpd-imotski.hr\/naslovnica\/dokumenti-i-izvjesca\/","title":{"rendered":"Dokumenti i izvje\u0161\u0107a"},"content":{"rendered":"\n<p><a href=\"https:\/\/hpd-imotski.hr\/naslovnica\/wp-content\/uploads\/2023\/08\/PRAVILNIK-SO-a_-HPD-Imotski.pdf\">Pravilnik SO<\/a><\/p>\n\n\n\n<p><a href=\"https:\/\/hpd-imotski.hr\/naslovnica\/wp-content\/uploads\/2025\/03\/Pravilnik-o-radu-Izletnicke-sekcije.pdf\">Pravilnik o radu Izletni\u010dke sekcije<\/a><\/p>\n\n\n\n<p><a href=\"https:\/\/hpd-imotski.hr\/naslovnica\/wp-content\/uploads\/2024\/01\/Financijsko-izvjesce-2022.-HPD-Imotski.pptx\" data-type=\"attachment\" data-id=\"30391\">Financijsko izvje\u0161\u0107e 2022.<\/a><\/p>\n\n\n\n<p><a href=\"https:\/\/hpd-imotski.hr\/naslovnica\/wp-content\/uploads\/2023\/07\/Izvjesce-o-radu-SO-2022.pptx\">Izvje\u0161\u0107e o radu SO 2022.<\/a><\/p>\n\n\n\n<p><a href=\"https:\/\/hpd-imotski.hr\/naslovnica\/wp-content\/uploads\/2023\/07\/Godisnja-Skupstina-2022.pptx\">Godi\u0161nja skup\u0161tina 2022.<\/a><\/p>\n\n\n\n<p><a href=\"https:\/\/hpd-imotski.hr\/naslovnica\/wp-content\/uploads\/2024\/01\/Financijsko-izvjesce-2023.-HPD-Imotski.pptx\" data-type=\"attachment\" data-id=\"30389\">Financijsko izvje\u0161\u0107e 2023.<\/a><\/p>\n\n\n\n<p><a href=\"https:\/\/hpd-imotski.hr\/naslovnica\/wp-content\/uploads\/2024\/01\/HPD-\u201eImotski-izvjesce-o-radu-2023.pptx\" data-type=\"attachment\" data-id=\"30390\">HPD \u201eImotski &#8211; izvje\u0161\u0107e o radu 2023.<\/a><\/p>\n\n\n\n<p><a href=\"https:\/\/hpd-imotski.hr\/naslovnica\/wp-content\/uploads\/2025\/03\/Financijsko-izvjesce-za-2024.pptx\">Financijsko izvje\u0161\u0107e 2024.<\/a><\/p>\n\n\n\n<p><a href=\"https:\/\/hpd-imotski.hr\/naslovnica\/wp-content\/uploads\/2025\/03\/Izvjesce-o-radu-Drustva-2024-2.pptx\">Izvje\u0161\u0107e o radu Dru\u0161tva 2024.<\/a><\/p>\n\n\n\n<p><a href=\"https:\/\/hpd-imotski.hr\/naslovnica\/wp-content\/uploads\/2025\/03\/Izvjesce-o-radu-Izletnicke-sekcije-2024.pptx\">Izvjes\u030cc\u0301e o radu Izletnic\u030cke sekcije 2024.<\/a><\/p>\n\n\n\n<p><\/p>\n","protected":false},"excerpt":{"rendered":"<p>Pravilnik SO Pravilnik o radu Izletni\u010dke sekcije Financijsko izvje\u0161\u0107e 2022. Izvje\u0161\u0107e o radu SO 2022. Godi\u0161nja skup\u0161tina 2022. Financijsko izvje\u0161\u0107e 2023. HPD \u201eImotski &#8211; izvje\u0161\u0107e o radu 2023. Financijsko izvje\u0161\u0107e 2024. Izvje\u0161\u0107e o radu Dru\u0161tva 2024. Izvjes\u030cc\u0301e o radu Izletnic\u030cke sekcije 2024.<\/p>\n","protected":false},"author":3,"featured_media":0,"parent":0,"menu_order":0,"comment_status":"closed","ping_status":"closed","template":"","meta":{"ngg_post_thumbnail":0,"footnotes":""},"class_list":["post-28270","page","type-page","status-publish","hentry"],"blocksy_meta":[],"_links":{"self":[{"href":"https:\/\/hpd-imotski.hr\/naslovnica\/wp-json\/wp\/v2\/pages\/28270","targetHints":{"allow":["GET"]}}],"collection":[{"href":"https:\/\/hpd-imotski.hr\/naslovnica\/wp-json\/wp\/v2\/pages"}],"about":[{"href":"https:\/\/hpd-imotski.hr\/naslovnica\/wp-json\/wp\/v2\/types\/page"}],"author":[{"embeddable":true,"href":"https:\/\/hpd-imotski.hr\/naslovnica\/wp-json\/wp\/v2\/users\/3"}],"replies":[{"embeddable":true,"href":"https:\/\/hpd-imotski.hr\/naslovnica\/wp-json\/wp\/v2\/comments?post=28270"}],"version-history":[{"count":12,"href":"https:\/\/hpd-imotski.hr\/naslovnica\/wp-json\/wp\/v2\/pages\/28270\/revisions"}],"predecessor-version":[{"id":30595,"href":"https:\/\/hpd-imotski.hr\/naslovnica\/wp-json\/wp\/v2\/pages\/28270\/revisions\/30595"}],"wp:attachment":[{"href":"https:\/\/hpd-imotski.hr\/naslovnica\/wp-json\/wp\/v2\/media?parent=28270"}],"curies":[{"name":"wp","href":"https:\/\/api.w.org\/{rel}","templated":true}]}}